{"id":1214,"date":"2013-04-30T10:01:06","date_gmt":"2013-04-30T08:01:06","guid":{"rendered":"http:\/\/troedel-trulla.de\/hinundweg\/?page_id=1214"},"modified":"2019-02-22T15:28:25","modified_gmt":"2019-02-22T14:28:25","slug":"ostseekreuzfahrt","status":"publish","type":"page","link":"https:\/\/troedel-trulla.de\/hinundweg\/?page_id=1214","title":{"rendered":"Kreuzfahrt Ostsee und Baltikum."},"content":{"rendered":"<p>Beitr\u00e4ge zu dieser Reise gibt es nicht, aber daf\u00fcr ein paar sch\u00f6ne Bilder.<\/p>\n<p>Reisezeitraum: 18. &#8211; 25. Mai 2013<br \/>\nKreuzfahrtschiff: MSC Poesia<\/p>\n<p>Reiseroute:<br \/>\nKopenhagen, D\u00e4nemark<br \/>\nStockholm, Schweden<br \/>\nTallinn, Estland<br \/>\nSt. Petersburg, Russland<\/p>\n","protected":false},"excerpt":{"rendered":"<p>Beitr\u00e4ge zu dieser Reise gibt es nicht, aber daf\u00fcr ein paar sch\u00f6ne Bilder. Reisezeitraum: 18. &#8211; 25. Mai 2013 Kreuzfahrtschiff: MSC Poesia Reiseroute: Kopenhagen, D\u00e4nemark Stockholm, Schweden Tallinn, Estland St. Petersburg, Russland<\/p>\n","protected":false},"author":1,"featured_media":0,"parent":0,"menu_order":0,"comment_status":"closed","ping_status":"closed","template":"","meta":{"footnotes":""},"class_list":["post-1214","page","type-page","status-publish","hentry"],"_links":{"self":[{"href":"https:\/\/troedel-trulla.de\/hinundweg\/index.php?rest_route=\/wp\/v2\/pages\/1214","targetHints":{"allow":["GET"]}}],"collection":[{"href":"https:\/\/troedel-trulla.de\/hinundweg\/index.php?rest_route=\/wp\/v2\/pages"}],"about":[{"href":"https:\/\/troedel-trulla.de\/hinundweg\/index.php?rest_route=\/wp\/v2\/types\/page"}],"author":[{"embeddable":true,"href":"https:\/\/troedel-trulla.de\/hinundweg\/index.php?rest_route=\/wp\/v2\/users\/1"}],"replies":[{"embeddable":true,"href":"https:\/\/troedel-trulla.de\/hinundweg\/index.php?rest_route=%2Fwp%2Fv2%2Fcomments&post=1214"}],"version-history":[{"count":19,"href":"https:\/\/troedel-trulla.de\/hinundweg\/index.php?rest_route=\/wp\/v2\/pages\/1214\/revisions"}],"predecessor-version":[{"id":7030,"href":"https:\/\/troedel-trulla.de\/hinundweg\/index.php?rest_route=\/wp\/v2\/pages\/1214\/revisions\/7030"}],"wp:attachment":[{"href":"https:\/\/troedel-trulla.de\/hinundweg\/index.php?rest_route=%2Fwp%2Fv2%2Fmedia&parent=1214"}],"curies":[{"name":"wp","href":"https:\/\/api.w.org\/{rel}","templated":true}]}}