{"id":3071,"date":"2014-05-17T15:10:31","date_gmt":"2014-05-17T13:10:31","guid":{"rendered":"http:\/\/troedel-trulla.de\/hinundweg\/?page_id=3071"},"modified":"2018-05-25T23:28:03","modified_gmt":"2018-05-25T21:28:03","slug":"2014-einmal-kapitaen-sein","status":"publish","type":"page","link":"https:\/\/troedel-trulla.de\/hinundweg\/?page_id=3071","title":{"rendered":"2014: Einmal Kapit\u00e4n sein"},"content":{"rendered":"<p>Wessen Wunsch ist das nicht: Einmal Kapit\u00e4n zu sein und am h\u00f6lzernen Ruder eines m\u00e4chtigen Schiffes zu stehen. Mit geschultem Auge zwischen kleinen Schilfinselchen, Bojen, Kanus, Yachten und Passagierschiffen zu man\u00f6vrieren. Mit und gegen die Brandung zu steuern. Steuerbord und Backbord zu rufen. Hoch und runter zu schleusen. Leinen Los zu befehlen und das Ankern zu veranlassen. In sagenhaft sch\u00f6nen H\u00e4fen festzumachen und das ein oder andere Mal das Schiffshorn zu bet\u00e4tigen. Ja, viel haben wir uns abgeschaut von den gro\u00dfen Kapit\u00e4ten dieser Welt und es einmal selbst versucht.<\/p>\n<p>Unsere kleine Kreuzfahrt mit einem Hausboot f\u00fchrte uns durch die Mecklenburgische Kleinseenplatte:<\/p>\n<p>Zierker See, Neustrelitz<br \/>\nKammerkanal<br \/>\nWoblitzsee, Wesenberg<br \/>\nObere-Havel-Wasserstra\u00dfe<br \/>\nDrewensee<br \/>\nWangnitzsee<br \/>\nGro\u00dfer Priepertsee, Priepert<br \/>\nEllenbogensee<br \/>\nKleiner P\u00e4litzsee<br \/>\nH\u00fcttelkanal<br \/>\nTietzowsee<br \/>\nJagowkanal<br \/>\nSchlabornsee, Zechlinerh\u00fctte<br \/>\nund das ganze wieder zur\u00fcck<\/p>\n<p>&nbsp;<\/p>\n","protected":false},"excerpt":{"rendered":"<p>Wessen Wunsch ist das nicht: Einmal Kapit\u00e4n zu sein und am h\u00f6lzernen Ruder eines m\u00e4chtigen Schiffes zu stehen. Mit geschultem Auge zwischen kleinen Schilfinselchen, Bojen, Kanus, Yachten und Passagierschiffen zu man\u00f6vrieren. Mit und gegen die Brandung zu steuern. Steuerbord und Backbord zu rufen. Hoch und runter zu schleusen. Leinen Los zu befehlen und das Ankern [&hellip;]<\/p>\n","protected":false},"author":1,"featured_media":0,"parent":0,"menu_order":0,"comment_status":"closed","ping_status":"closed","template":"","meta":{"footnotes":""},"class_list":["post-3071","page","type-page","status-publish","hentry"],"_links":{"self":[{"href":"https:\/\/troedel-trulla.de\/hinundweg\/index.php?rest_route=\/wp\/v2\/pages\/3071","targetHints":{"allow":["GET"]}}],"collection":[{"href":"https:\/\/troedel-trulla.de\/hinundweg\/index.php?rest_route=\/wp\/v2\/pages"}],"about":[{"href":"https:\/\/troedel-trulla.de\/hinundweg\/index.php?rest_route=\/wp\/v2\/types\/page"}],"author":[{"embeddable":true,"href":"https:\/\/troedel-trulla.de\/hinundweg\/index.php?rest_route=\/wp\/v2\/users\/1"}],"replies":[{"embeddable":true,"href":"https:\/\/troedel-trulla.de\/hinundweg\/index.php?rest_route=%2Fwp%2Fv2%2Fcomments&post=3071"}],"version-history":[{"count":7,"href":"https:\/\/troedel-trulla.de\/hinundweg\/index.php?rest_route=\/wp\/v2\/pages\/3071\/revisions"}],"predecessor-version":[{"id":3109,"href":"https:\/\/troedel-trulla.de\/hinundweg\/index.php?rest_route=\/wp\/v2\/pages\/3071\/revisions\/3109"}],"wp:attachment":[{"href":"https:\/\/troedel-trulla.de\/hinundweg\/index.php?rest_route=%2Fwp%2Fv2%2Fmedia&parent=3071"}],"curies":[{"name":"wp","href":"https:\/\/api.w.org\/{rel}","templated":true}]}}