{"id":7402,"date":"2023-06-28T13:40:27","date_gmt":"2023-06-28T11:40:27","guid":{"rendered":"http:\/\/troedel-trulla.de\/hinundweg\/?page_id=7402"},"modified":"2023-07-07T10:47:06","modified_gmt":"2023-07-07T08:47:06","slug":"2023-bootsferien","status":"publish","type":"page","link":"https:\/\/troedel-trulla.de\/hinundweg\/?page_id=7402","title":{"rendered":"2023: Aufm  Wasser"},"content":{"rendered":"\n<p>Kreuzfahrt Norwegen<br>Zeitraum: <br>Kreuzfahrtschiff:\u00a0MSC Poesia<br><br>Warnem\u00fcnde, Deutschland<br>Eidfjord, Norwegen<br>Haugesund, Norwegen<br>Kristiansand, Norwegen<br>Oslo, Norwegen<br>Kopenhagen, D\u00e4nemark<br>Warnem\u00fcnde, Deutschland<\/p>\n\n\n\n<p><\/p>\n\n\n\n<p>******<\/p>\n\n\n\n<p>Auf den Gew\u00e4sser rund um Potsdam und Berlin<br>Zeitraum: <br>Boot:\u00a0 Liberty<\/p>\n\n\n\n<p>Noch in Planung.<br><\/p>\n\n\n\n<p><br><br><br><br><br><\/p>\n","protected":false},"excerpt":{"rendered":"<p>Kreuzfahrt NorwegenZeitraum: Kreuzfahrtschiff:\u00a0MSC Poesia Warnem\u00fcnde, DeutschlandEidfjord, NorwegenHaugesund, NorwegenKristiansand, NorwegenOslo, NorwegenKopenhagen, D\u00e4nemarkWarnem\u00fcnde, Deutschland ****** Auf den Gew\u00e4sser rund um Potsdam und BerlinZeitraum: Boot:\u00a0 Liberty Noch in Planung.<\/p>\n","protected":false},"author":1,"featured_media":0,"parent":0,"menu_order":0,"comment_status":"closed","ping_status":"closed","template":"","meta":{"footnotes":""},"class_list":["post-7402","page","type-page","status-publish","hentry"],"_links":{"self":[{"href":"https:\/\/troedel-trulla.de\/hinundweg\/index.php?rest_route=\/wp\/v2\/pages\/7402","targetHints":{"allow":["GET"]}}],"collection":[{"href":"https:\/\/troedel-trulla.de\/hinundweg\/index.php?rest_route=\/wp\/v2\/pages"}],"about":[{"href":"https:\/\/troedel-trulla.de\/hinundweg\/index.php?rest_route=\/wp\/v2\/types\/page"}],"author":[{"embeddable":true,"href":"https:\/\/troedel-trulla.de\/hinundweg\/index.php?rest_route=\/wp\/v2\/users\/1"}],"replies":[{"embeddable":true,"href":"https:\/\/troedel-trulla.de\/hinundweg\/index.php?rest_route=%2Fwp%2Fv2%2Fcomments&post=7402"}],"version-history":[{"count":8,"href":"https:\/\/troedel-trulla.de\/hinundweg\/index.php?rest_route=\/wp\/v2\/pages\/7402\/revisions"}],"predecessor-version":[{"id":7458,"href":"https:\/\/troedel-trulla.de\/hinundweg\/index.php?rest_route=\/wp\/v2\/pages\/7402\/revisions\/7458"}],"wp:attachment":[{"href":"https:\/\/troedel-trulla.de\/hinundweg\/index.php?rest_route=%2Fwp%2Fv2%2Fmedia&parent=7402"}],"curies":[{"name":"wp","href":"https:\/\/api.w.org\/{rel}","templated":true}]}}